{"id":4385,"date":"2026-01-02T18:16:15","date_gmt":"2026-01-02T18:16:15","guid":{"rendered":"https:\/\/cablesdelgolfo.com\/?page_id=4385"},"modified":"2026-01-08T16:28:20","modified_gmt":"2026-01-08T16:28:20","slug":"productos","status":"publish","type":"page","link":"https:\/\/cablesdelgolfo.com\/index.php\/productos\/","title":{"rendered":"Productos"},"content":{"rendered":"\t\t<div data-elementor-type=\"wp-page\" data-elementor-id=\"4385\" class=\"elementor elementor-4385\" data-elementor-post-type=\"page\">\n\t\t\t\t<div class=\"elementor-element elementor-element-b0a69ba e-grid e-con-full e-con e-parent\" data-id=\"b0a69ba\" data-element_type=\"container\">\n\t\t\t\t<div class=\"elementor-element elementor-element-396c4d7 elementor-widget elementor-widget-txwpc-image-box\" data-id=\"396c4d7\" data-element_type=\"widget\" data-widget_type=\"txwpc-image-box.default\">\n\t\t\t\t<div class=\"elementor-widget-container\">\n\t\t\t\t\t\r\n        <div class=\"icon__box-item box_image  custom_badge\">\r\n            <div class=\"icon__box-image\">\r\n                <img decoding=\"async\" src=\"https:\/\/cablesdelgolfo.com\/wp-content\/uploads\/2025\/12\/DSC02761-scaled.jpg\" alt=\"No alt text\" \/>            <\/div>\r\n                        <div class=\"icon__box-item-content\">\r\n                                <div class=\"title\">\r\n                                            <span>\r\n                                                    <div class=\"icon__box-item-icon\">\r\n                                <i aria-hidden=\"true\" class=\"flaticon flaticon-up-arrow\"><\/i>                            <\/div>\r\n                                                <\/span>\r\n                                                                <h5 class=\"box-title\">\r\n                            Eslingas de Cable de Acero                        <\/h5>\r\n                                                                <p>Alta resistencia y durabilidad para maniobras exigentes, ofreciendo seguridad y confiabilidad constante.<\/p>\r\n                                    <\/div>\r\n                                <div>\r\n                    <a class=\"flexitype-button right\" href=\"https:\/\/todosobrecarga.com\/inicio\">\r\n                        Ver M\u00e1s                        <i class=\"flaticon flaticon-right-up\"><\/i>                    <\/a>\r\n                <\/div>\r\n                            <\/div>\r\n        <\/div>\r\n\r\n        \t\t\t\t<\/div>\n\t\t\t\t<\/div>\n\t\t\t\t<div class=\"elementor-element elementor-element-4397279 elementor-widget elementor-widget-txwpc-image-box\" data-id=\"4397279\" data-element_type=\"widget\" data-widget_type=\"txwpc-image-box.default\">\n\t\t\t\t<div class=\"elementor-widget-container\">\n\t\t\t\t\t\r\n        <div class=\"icon__box-item box_image  custom_badge\">\r\n            <div class=\"icon__box-image\">\r\n                <img decoding=\"async\" src=\"https:\/\/cablesdelgolfo.com\/wp-content\/uploads\/2025\/12\/DSC02893-scaled.jpg\" alt=\"No alt text\" \/>            <\/div>\r\n                        <div class=\"icon__box-item-content\">\r\n                                <div class=\"title\">\r\n                                            <span>\r\n                                                    <div class=\"icon__box-item-icon\">\r\n                                <i aria-hidden=\"true\" class=\"flaticon flaticon-up-arrow\"><\/i>                            <\/div>\r\n                                                <\/span>\r\n                                                                <h5 class=\"box-title\">\r\n                            Eslingas de cadena                        <\/h5>\r\n                                                                <p>Soluci\u00f3n robusta para condiciones severas, ideal para operaciones que requieren m\u00e1xima resistencia y larga vida \u00fatil.<\/p>\r\n                                    <\/div>\r\n                                <div>\r\n                    <a class=\"flexitype-button right\" href=\"https:\/\/todosobrecarga.com\/inicio\">\r\n                        Ver M\u00e1s                        <i class=\"flaticon flaticon-right-up\"><\/i>                    <\/a>\r\n                <\/div>\r\n                            <\/div>\r\n        <\/div>\r\n\r\n        \t\t\t\t<\/div>\n\t\t\t\t<\/div>\n\t\t\t\t<div class=\"elementor-element elementor-element-71089e1 elementor-widget elementor-widget-txwpc-image-box\" data-id=\"71089e1\" data-element_type=\"widget\" data-widget_type=\"txwpc-image-box.default\">\n\t\t\t\t<div class=\"elementor-widget-container\">\n\t\t\t\t\t\r\n        <div class=\"icon__box-item box_image  custom_badge\">\r\n            <div class=\"icon__box-image\">\r\n                <img decoding=\"async\" src=\"https:\/\/cablesdelgolfo.com\/wp-content\/uploads\/2025\/12\/DSC02411-scaled.jpg\" alt=\"No alt text\" \/>            <\/div>\r\n                        <div class=\"icon__box-item-content\">\r\n                                <div class=\"title\">\r\n                                            <span>\r\n                                                    <div class=\"icon__box-item-icon\">\r\n                                <i aria-hidden=\"true\" class=\"flaticon flaticon-up-arrow\"><\/i>                            <\/div>\r\n                                                <\/span>\r\n                                                                <h5 class=\"box-title\">\r\n                            Eslingas sint\u00e9ticas planas                        <\/h5>\r\n                                                                <p>Ligeras y flexibles, permiten proteger la carga y distribuir el peso uniformemente, reduciendo riesgos y mejorando seguridad.<\/p>\r\n                                    <\/div>\r\n                                <div>\r\n                    <a class=\"flexitype-button right\" href=\"https:\/\/todosobrecarga.com\/inicio\">\r\n                        Ver M\u00e1s                        <i class=\"flaticon flaticon-right-up\"><\/i>                    <\/a>\r\n                <\/div>\r\n                            <\/div>\r\n        <\/div>\r\n\r\n        \t\t\t\t<\/div>\n\t\t\t\t<\/div>\n\t\t\t\t<div class=\"elementor-element elementor-element-c4c2ce1 elementor-widget elementor-widget-txwpc-image-box\" data-id=\"c4c2ce1\" data-element_type=\"widget\" data-widget_type=\"txwpc-image-box.default\">\n\t\t\t\t<div class=\"elementor-widget-container\">\n\t\t\t\t\t\r\n        <div class=\"icon__box-item box_image  custom_badge\">\r\n            <div class=\"icon__box-image\">\r\n                <img decoding=\"async\" src=\"https:\/\/cablesdelgolfo.com\/wp-content\/uploads\/2026\/01\/DSC03855-scaled.jpg\" alt=\"No alt text\" \/>            <\/div>\r\n                        <div class=\"icon__box-item-content\">\r\n                                <div class=\"title\">\r\n                                            <span>\r\n                                                    <div class=\"icon__box-item-icon\">\r\n                                <i aria-hidden=\"true\" class=\"flaticon flaticon-up-arrow\"><\/i>                            <\/div>\r\n                                                <\/span>\r\n                                                                <h5 class=\"box-title\">\r\n                            Eslingas redondas                        <\/h5>\r\n                                                                <p>Dise\u00f1adas para alta capacidad y flexibilidad, permiten una distribuci\u00f3n eficiente del esfuerzo durante maniobras seguras.<\/p>\r\n                                    <\/div>\r\n                                <div>\r\n                    <a class=\"flexitype-button right\" href=\"https:\/\/todosobrecarga.com\/inicio\">\r\n                        Ver M\u00e1s                        <i class=\"flaticon flaticon-right-up\"><\/i>                    <\/a>\r\n                <\/div>\r\n                            <\/div>\r\n        <\/div>\r\n\r\n        \t\t\t\t<\/div>\n\t\t\t\t<\/div>\n\t\t\t\t<div class=\"elementor-element elementor-element-647a48c elementor-widget elementor-widget-txwpc-image-box\" data-id=\"647a48c\" data-element_type=\"widget\" data-widget_type=\"txwpc-image-box.default\">\n\t\t\t\t<div class=\"elementor-widget-container\">\n\t\t\t\t\t\r\n        <div class=\"icon__box-item box_image  custom_badge\">\r\n            <div class=\"icon__box-image\">\r\n                <img decoding=\"async\" src=\"https:\/\/cablesdelgolfo.com\/wp-content\/uploads\/2025\/12\/DSC02660-scaled.jpg\" alt=\"No alt text\" \/>            <\/div>\r\n                        <div class=\"icon__box-item-content\">\r\n                                <div class=\"title\">\r\n                                            <span>\r\n                                                    <div class=\"icon__box-item-icon\">\r\n                                <i aria-hidden=\"true\" class=\"flaticon flaticon-up-arrow\"><\/i>                            <\/div>\r\n                                                <\/span>\r\n                                                                <h5 class=\"box-title\">\r\n                            Accesorios de izaje                        <\/h5>\r\n                                                                <p>Componentes esenciales que aseguran conexiones confiables y compatibles, optimizando seguridad y desempe\u00f1o en sistemas de izaje.<\/p>\r\n                                    <\/div>\r\n                                <div>\r\n                    <a class=\"flexitype-button right\" href=\"https:\/\/todosobrecarga.com\/inicio\">\r\n                        Ver M\u00e1s                        <i class=\"flaticon flaticon-right-up\"><\/i>                    <\/a>\r\n                <\/div>\r\n                            <\/div>\r\n        <\/div>\r\n\r\n        \t\t\t\t<\/div>\n\t\t\t\t<\/div>\n\t\t\t\t<div class=\"elementor-element elementor-element-5343f4b elementor-widget elementor-widget-txwpc-image-box\" data-id=\"5343f4b\" data-element_type=\"widget\" data-widget_type=\"txwpc-image-box.default\">\n\t\t\t\t<div class=\"elementor-widget-container\">\n\t\t\t\t\t\r\n        <div class=\"icon__box-item box_image  custom_badge\">\r\n            <div class=\"icon__box-image\">\r\n                <img decoding=\"async\" src=\"https:\/\/cablesdelgolfo.com\/wp-content\/uploads\/2026\/01\/DSC03221-scaled.jpg\" alt=\"No alt text\" \/>            <\/div>\r\n                        <div class=\"icon__box-item-content\">\r\n                                <div class=\"title\">\r\n                                            <span>\r\n                                                    <div class=\"icon__box-item-icon\">\r\n                                <i aria-hidden=\"true\" class=\"flaticon flaticon-up-arrow\"><\/i>                            <\/div>\r\n                                                <\/span>\r\n                                                                <h5 class=\"box-title\">\r\n                            Polipastos                        <\/h5>\r\n                                                                <p>Equipos dise\u00f1ados para elevaci\u00f3n controlada, facilitando maniobras precisas y seguras en aplicaciones operativas continuas.<\/p>\r\n                                    <\/div>\r\n                                <div>\r\n                    <a class=\"flexitype-button right\" href=\"https:\/\/todosobrecarga.com\/inicio\">\r\n                        Ver M\u00e1s                        <i class=\"flaticon flaticon-right-up\"><\/i>                    <\/a>\r\n                <\/div>\r\n                            <\/div>\r\n        <\/div>\r\n\r\n        \t\t\t\t<\/div>\n\t\t\t\t<\/div>\n\t\t\t\t<\/div>\n\t\t\t\t<\/div>\n\t\t","protected":false},"excerpt":{"rendered":"<p>Eslingas de Cable de Acero Alta resistencia y durabilidad para maniobras exigentes, ofreciendo seguridad y confiabilidad constante. Ver M\u00e1s Eslingas de cadena Soluci\u00f3n robusta para condiciones severas, ideal para operaciones que requieren m\u00e1xima resistencia y larga vida \u00fatil. Ver M\u00e1s Eslingas sint\u00e9ticas planas Ligeras y flexibles, permiten proteger la carga y distribuir el peso uniformemente, [&hellip;]<\/p>\n","protected":false},"author":2,"featured_media":0,"parent":0,"menu_order":0,"comment_status":"closed","ping_status":"closed","template":"page-builder.php","meta":{"_eb_attr":"","footnotes":""},"class_list":["post-4385","page","type-page","status-publish","hentry"],"_links":{"self":[{"href":"https:\/\/cablesdelgolfo.com\/index.php\/wp-json\/wp\/v2\/pages\/4385","targetHints":{"allow":["GET"]}}],"collection":[{"href":"https:\/\/cablesdelgolfo.com\/index.php\/wp-json\/wp\/v2\/pages"}],"about":[{"href":"https:\/\/cablesdelgolfo.com\/index.php\/wp-json\/wp\/v2\/types\/page"}],"author":[{"embeddable":true,"href":"https:\/\/cablesdelgolfo.com\/index.php\/wp-json\/wp\/v2\/users\/2"}],"replies":[{"embeddable":true,"href":"https:\/\/cablesdelgolfo.com\/index.php\/wp-json\/wp\/v2\/comments?post=4385"}],"version-history":[{"count":13,"href":"https:\/\/cablesdelgolfo.com\/index.php\/wp-json\/wp\/v2\/pages\/4385\/revisions"}],"predecessor-version":[{"id":4432,"href":"https:\/\/cablesdelgolfo.com\/index.php\/wp-json\/wp\/v2\/pages\/4385\/revisions\/4432"}],"wp:attachment":[{"href":"https:\/\/cablesdelgolfo.com\/index.php\/wp-json\/wp\/v2\/media?parent=4385"}],"curies":[{"name":"wp","href":"https:\/\/api.w.org\/{rel}","templated":true}]}}