{"id":85,"date":"2025-03-25T11:40:23","date_gmt":"2025-03-25T11:40:23","guid":{"rendered":"https:\/\/factgo.nextwpcook.com\/?page_id=85"},"modified":"2025-12-17T22:24:50","modified_gmt":"2025-12-17T22:24:50","slug":"contact-us","status":"publish","type":"page","link":"https:\/\/cablesdelgolfo.com\/index.php\/contact-us\/","title":{"rendered":"Contacto"},"content":{"rendered":"\t\t<div data-elementor-type=\"wp-page\" data-elementor-id=\"85\" class=\"elementor elementor-85\" data-elementor-post-type=\"page\">\n\t\t\t\t<div class=\"elementor-element elementor-element-65e58da overflow-hidden e-flex e-con-boxed e-con e-parent\" data-id=\"65e58da\" data-element_type=\"container\">\n\t\t\t\t\t<div class=\"e-con-inner\">\n\t\t<div class=\"elementor-element elementor-element-33c8583 e-con-full e-flex e-con e-child\" data-id=\"33c8583\" data-element_type=\"container\">\n\t\t\t\t<div class=\"elementor-element elementor-element-14cec06 elementor-widget elementor-widget-txwpc-heading\" data-id=\"14cec06\" data-element_type=\"widget\" data-widget_type=\"txwpc-heading.default\">\n\t\t\t\t<div class=\"elementor-widget-container\">\n\t\t\t\t\t<div class=\"section-heading\"><p class=\"section-heading-title\">\u00bfNecesitas una soluci\u00f3n?<\/p><\/div>\t\t\t\t<\/div>\n\t\t\t\t<\/div>\n\t\t\t\t<div class=\"elementor-element elementor-element-07b9404 elementor-widget elementor-widget-txwpc-heading\" data-id=\"07b9404\" data-element_type=\"widget\" data-widget_type=\"txwpc-heading.default\">\n\t\t\t\t<div class=\"elementor-widget-container\">\n\t\t\t\t\t<div class=\"section-heading\"><h2 class=\"section-heading-title\">Cont\u00e1ctanos<\/h2><\/div>\t\t\t\t<\/div>\n\t\t\t\t<\/div>\n\t\t\t\t<div class=\"elementor-element elementor-element-30c6086 elementor-widget elementor-widget-txwpc-heading\" data-id=\"30c6086\" data-element_type=\"widget\" data-widget_type=\"txwpc-heading.default\">\n\t\t\t\t<div class=\"elementor-widget-container\">\n\t\t\t\t\t<div class=\"section-heading\"><p class=\"section-heading-title\">Nuestro equipo t\u00e9cnico est\u00e1 listo para brindarte asesor\u00eda especializada en izaje, inspecci\u00f3n y fabricaci\u00f3n a medida.<\/p><\/div>\t\t\t\t<\/div>\n\t\t\t\t<\/div>\n\t\t<div class=\"elementor-element elementor-element-1f2ba3a e-con-full e-flex e-con e-child\" data-id=\"1f2ba3a\" data-element_type=\"container\">\n\t\t\t\t<div class=\"elementor-element elementor-element-5ee3e2c elementor-widget elementor-widget-txwpc-icon-box\" data-id=\"5ee3e2c\" data-element_type=\"widget\" data-widget_type=\"txwpc-icon-box.default\">\n\t\t\t\t<div class=\"elementor-widget-container\">\n\t\t\t\t\t\r\n        <div class=\"icon__box-item  \">\r\n                                                <div class=\"icon__box-item-content\">\r\n                <div class=\"title\">\r\n                                            <h6 class=\"box-title\">\r\n                                                            <a href=\"tel:%20993%20441%200100\">\r\n                                    +52 993 441 0100                                <\/a>\r\n                                                    <\/h6>\r\n                                                                <p>Tel\u00e9fono :<\/p>\n                                    <\/div>\r\n                            <\/div>\r\n        <\/div>\r\n\r\n        \t\t\t\t<\/div>\n\t\t\t\t<\/div>\n\t\t\t\t<div class=\"elementor-element elementor-element-ccd1b3a elementor-widget elementor-widget-txwpc-icon-box\" data-id=\"ccd1b3a\" data-element_type=\"widget\" data-widget_type=\"txwpc-icon-box.default\">\n\t\t\t\t<div class=\"elementor-widget-container\">\n\t\t\t\t\t\r\n        <div class=\"icon__box-item  \">\r\n                                                <div class=\"icon__box-item-content\">\r\n                <div class=\"title\">\r\n                                            <h6 class=\"box-title\">\r\n                                                            <a href=\"https:\/\/wa.link\/xsubel\">\r\n                                    +52 993 348 4655                                <\/a>\r\n                                                    <\/h6>\r\n                                                                <p>Whatsapp:<\/p>\n                                    <\/div>\r\n                            <\/div>\r\n        <\/div>\r\n\r\n        \t\t\t\t<\/div>\n\t\t\t\t<\/div>\n\t\t\t\t<div class=\"elementor-element elementor-element-613152a elementor-widget elementor-widget-txwpc-icon-box\" data-id=\"613152a\" data-element_type=\"widget\" data-widget_type=\"txwpc-icon-box.default\">\n\t\t\t\t<div class=\"elementor-widget-container\">\n\t\t\t\t\t\r\n        <div class=\"icon__box-item  \">\r\n                                                <div class=\"icon__box-item-content\">\r\n                <div class=\"title\">\r\n                                            <h6 class=\"box-title\">\r\n                                                            <a href=\"mailto:contacto@cablesdelgolfo.com\">\r\n                                    contacto@cablesdelgolfo.com                                <\/a>\r\n                                                    <\/h6>\r\n                                                                <p>Correo Electr\u00f3nico:\u00a0<\/p>\n                                    <\/div>\r\n                            <\/div>\r\n        <\/div>\r\n\r\n        \t\t\t\t<\/div>\n\t\t\t\t<\/div>\n\t\t\t\t<div data-flexitype-wrapper-link=\"{&quot;url&quot;:&quot;https:\\\/\\\/maps.app.goo.gl\\\/ojGjix2QX618sgez5&quot;,&quot;is_external&quot;:&quot;&quot;,&quot;nofollow&quot;:&quot;&quot;}\" style=\"cursor: pointer\" class=\"elementor-element elementor-element-35f6190 elementor-widget elementor-widget-txwpc-icon-box\" data-id=\"35f6190\" data-element_type=\"widget\" data-widget_type=\"txwpc-icon-box.default\">\n\t\t\t\t<div class=\"elementor-widget-container\">\n\t\t\t\t\t\r\n        <div class=\"icon__box-item  \">\r\n                                                <div class=\"icon__box-item-content\">\r\n                <div class=\"title\">\r\n                                            <h6 class=\"box-title\">\r\n                                                            <a href=\"https:\/\/maps.app.goo.gl\/ojGjix2QX618sgez5\">\r\n                                    Carretera Federal Coatzacoalcos a Villahermosa Km. 165, Anacleto Canabal 1ra secci\u00f3n. Centro, Tabasco. C.P: 86287                                <\/a>\r\n                                                    <\/h6>\r\n                                                                <p>Direcci\u00f3n:<\/p>\n                                    <\/div>\r\n                            <\/div>\r\n        <\/div>\r\n\r\n        \t\t\t\t<\/div>\n\t\t\t\t<\/div>\n\t\t\t\t<div class=\"elementor-element elementor-element-42d1b5b elementor-widget elementor-widget-txwpc-social-icon\" data-id=\"42d1b5b\" data-element_type=\"widget\" data-widget_type=\"txwpc-social-icon.default\">\n\t\t\t\t<div class=\"elementor-widget-container\">\n\t\t\t\t\t            <div class=\"social-icon\">\r\n                <ul>\r\n                                            <li>\r\n                            <a href=\"https:\/\/www.facebook.com\/share\/1CtgsXP7U1\/?mibextid=wwXIfr\" target=\"_blank\">\r\n                                <i class=\"fab fa-facebook-f\"><\/i>\r\n                            <\/a>\r\n                        <\/li>\r\n                                            <li>\r\n                            <a href=\"https:\/\/www.instagram.com\/cablesdelgolfomx?igsh=ZmxocnBxdTFqZTY1&#038;utm_source=qr\" target=\"_blank\">\r\n                                <i class=\"fab fa-instagram\"><\/i>\r\n                            <\/a>\r\n                        <\/li>\r\n                                            <li>\r\n                            <a href=\"https:\/\/wa.link\/xsubel\" target=\"_blank\">\r\n                                <i class=\"fab fa-whatsapp\"><\/i>\r\n                            <\/a>\r\n                        <\/li>\r\n                                            <li>\r\n                            <a href=\"https:\/\/www.linkedin.com\/company\/cables-del-golfo\/\" target=\"_blank\">\r\n                                <i class=\"fab fa-linkedin-in\"><\/i>\r\n                            <\/a>\r\n                        <\/li>\r\n                                    <\/ul>\r\n            <\/div>\r\n        \t\t\t\t<\/div>\n\t\t\t\t<\/div>\n\t\t\t\t<\/div>\n\t\t\t\t<\/div>\n\t\t<div class=\"elementor-element elementor-element-0efb0ab e-con-full e-flex e-con e-child\" data-id=\"0efb0ab\" data-element_type=\"container\">\n\t\t\t\t<div class=\"elementor-element elementor-element-cefaef3 elementor-widget elementor-widget-txwpc-contact-form7\" data-id=\"cefaef3\" data-element_type=\"widget\" data-widget_type=\"txwpc-contact-form7.default\">\n\t\t\t\t<div class=\"elementor-widget-container\">\n\t\t\t\t\t        <div class=\"flexitype-contact-form-wrapper\">\r\n            \n<div class=\"wpcf7 no-js\" id=\"wpcf7-f1719-o1\" lang=\"en-US\" dir=\"ltr\" data-wpcf7-id=\"1719\">\n<div class=\"screen-reader-response\"><p role=\"status\" aria-live=\"polite\" aria-atomic=\"true\"><\/p> <ul><\/ul><\/div>\n<form action=\"\/index.php\/wp-json\/wp\/v2\/pages\/85#wpcf7-f1719-o1\" method=\"post\" class=\"wpcf7-form init\" aria-label=\"Contact form\" novalidate=\"novalidate\" data-status=\"init\">\n<fieldset class=\"hidden-fields-container\"><input type=\"hidden\" name=\"_wpcf7\" value=\"1719\" \/><input type=\"hidden\" name=\"_wpcf7_version\" value=\"6.1.4\" \/><input type=\"hidden\" name=\"_wpcf7_locale\" value=\"en_US\" \/><input type=\"hidden\" name=\"_wpcf7_unit_tag\" value=\"wpcf7-f1719-o1\" \/><input type=\"hidden\" name=\"_wpcf7_container_post\" value=\"0\" \/><input type=\"hidden\" name=\"_wpcf7_posted_data_hash\" value=\"\" \/>\n<\/fieldset>\n<div class=\"row contact-form\">\n\t<div class=\"col-md-6\">\n\t\t<span class=\"wpcf7-form-control-wrap\" data-name=\"tu-nombre\"><input size=\"40\" maxlength=\"400\" class=\"wpcf7-form-control wpcf7-text wpcf7-validates-as-required\" aria-required=\"true\" aria-invalid=\"false\" placeholder=\"Nombre\" value=\"\" type=\"text\" name=\"tu-nombre\" \/><\/span>\n\t<\/div>\n\t<div class=\"col-md-6 md-25\">\n\t\t<span class=\"wpcf7-form-control-wrap\" data-name=\"tu-correo\"><input size=\"40\" maxlength=\"400\" class=\"wpcf7-form-control wpcf7-email wpcf7-validates-as-required wpcf7-text wpcf7-validates-as-email\" aria-required=\"true\" aria-invalid=\"false\" placeholder=\"Correo Electr\u00f3nico\" value=\"\" type=\"email\" name=\"tu-correo\" \/><\/span>\n\t<\/div>\n       <div class=\"col-md-6\">\n\t\t<span class=\"wpcf7-form-control-wrap\" data-name=\"tu-telefono\"><input size=\"40\" maxlength=\"400\" class=\"wpcf7-form-control wpcf7-text wpcf7-validates-as-required\" aria-required=\"true\" aria-invalid=\"false\" placeholder=\"Tel\u00e9fono\" value=\"\" type=\"text\" name=\"tu-telefono\" \/><\/span>\n\t<\/div>\n\t<div class=\"col-md-6 md-25\">\n\t\t<span class=\"wpcf7-form-control-wrap\" data-name=\"Asunto\"><input size=\"40\" maxlength=\"400\" class=\"wpcf7-form-control wpcf7-text wpcf7-validates-as-required\" aria-required=\"true\" aria-invalid=\"false\" placeholder=\"Asunto\" value=\"\" type=\"text\" name=\"Asunto\" \/><\/span>\n\t<\/div>\n\t<div class=\"col-lg-12\">\n\t\t<span class=\"wpcf7-form-control-wrap\" data-name=\"textarea\"><textarea cols=\"40\" rows=\"10\" maxlength=\"2000\" class=\"wpcf7-form-control wpcf7-textarea wpcf7-validates-as-required\" aria-required=\"true\" aria-invalid=\"false\" placeholder=\"Mensaje\" name=\"textarea\"><\/textarea><\/span>\n\t<\/div>\n\t<div class=\"col-lg-12\">\n\t<input class=\"wpcf7-form-control wpcf7-submit has-spinner\" type=\"submit\" value=\"Enviar\" \/>\n\t<\/div>\n<\/div><div class=\"wpcf7-response-output\" aria-hidden=\"true\"><\/div>\n<\/form>\n<\/div>\n        <\/div>\r\n        \t\t\t\t<\/div>\n\t\t\t\t<\/div>\n\t\t\t\t<\/div>\n\t\t\t\t\t<\/div>\n\t\t\t\t<\/div>\n\t\t<div class=\"elementor-element elementor-element-9b0ae75 e-flex e-con-boxed e-con e-parent\" data-id=\"9b0ae75\" data-element_type=\"container\">\n\t\t\t\t\t<div class=\"e-con-inner\">\n\t\t\t\t<div class=\"elementor-element elementor-element-98fbda1 elementor-widget elementor-widget-google_maps\" data-id=\"98fbda1\" data-element_type=\"widget\" data-widget_type=\"google_maps.default\">\n\t\t\t\t\t\t\t<div class=\"elementor-custom-embed\">\n\t\t\t<iframe loading=\"lazy\"\n\t\t\t\t\tsrc=\"https:\/\/maps.google.com\/maps?q=Cables%20del%20golfo&#038;t=m&#038;z=14&#038;output=embed&#038;iwloc=near\"\n\t\t\t\t\ttitle=\"Cables del golfo\"\n\t\t\t\t\taria-label=\"Cables del golfo\"\n\t\t\t><\/iframe>\n\t\t<\/div>\n\t\t\t\t\t\t<\/div>\n\t\t\t\t\t<\/div>\n\t\t\t\t<\/div>\n\t\t\t\t<\/div>\n\t\t","protected":false},"excerpt":{"rendered":"<p>\u00bfNecesitas una soluci\u00f3n? Cont\u00e1ctanos Nuestro equipo t\u00e9cnico est\u00e1 listo para brindarte asesor\u00eda especializada en izaje, inspecci\u00f3n y fabricaci\u00f3n a medida. +52 993 441 0100 Tel\u00e9fono : +52 993 348 4655 Whatsapp: contacto@cablesdelgolfo.com Correo Electr\u00f3nico:\u00a0 Carretera Federal Coatzacoalcos a Villahermosa Km. 165, Anacleto Canabal 1ra secci\u00f3n. Centro, Tabasco. C.P: 86287 Direcci\u00f3n:<\/p>\n","protected":false},"author":1,"featured_media":0,"parent":0,"menu_order":0,"comment_status":"closed","ping_status":"closed","template":"page-builder.php","meta":{"_eb_attr":"","footnotes":""},"class_list":["post-85","page","type-page","status-publish","hentry"],"_links":{"self":[{"href":"https:\/\/cablesdelgolfo.com\/index.php\/wp-json\/wp\/v2\/pages\/85","targetHints":{"allow":["GET"]}}],"collection":[{"href":"https:\/\/cablesdelgolfo.com\/index.php\/wp-json\/wp\/v2\/pages"}],"about":[{"href":"https:\/\/cablesdelgolfo.com\/index.php\/wp-json\/wp\/v2\/types\/page"}],"author":[{"embeddable":true,"href":"https:\/\/cablesdelgolfo.com\/index.php\/wp-json\/wp\/v2\/users\/1"}],"replies":[{"embeddable":true,"href":"https:\/\/cablesdelgolfo.com\/index.php\/wp-json\/wp\/v2\/comments?post=85"}],"version-history":[{"count":19,"href":"https:\/\/cablesdelgolfo.com\/index.php\/wp-json\/wp\/v2\/pages\/85\/revisions"}],"predecessor-version":[{"id":4172,"href":"https:\/\/cablesdelgolfo.com\/index.php\/wp-json\/wp\/v2\/pages\/85\/revisions\/4172"}],"wp:attachment":[{"href":"https:\/\/cablesdelgolfo.com\/index.php\/wp-json\/wp\/v2\/media?parent=85"}],"curies":[{"name":"wp","href":"https:\/\/api.w.org\/{rel}","templated":true}]}}