{"id":88,"date":"2025-03-25T11:41:25","date_gmt":"2025-03-25T11:41:25","guid":{"rendered":"https:\/\/factgo.nextwpcook.com\/?page_id=88"},"modified":"2026-01-08T16:56:55","modified_gmt":"2026-01-08T16:56:55","slug":"servicios","status":"publish","type":"page","link":"https:\/\/cablesdelgolfo.com\/index.php\/servicios\/","title":{"rendered":"Servicios"},"content":{"rendered":"\t\t<div data-elementor-type=\"wp-page\" data-elementor-id=\"88\" class=\"elementor elementor-88\" data-elementor-post-type=\"page\">\n\t\t\t\t<div class=\"elementor-element elementor-element-b0a69ba e-grid e-con-boxed e-con e-parent\" data-id=\"b0a69ba\" data-element_type=\"container\">\n\t\t\t\t\t<div class=\"e-con-inner\">\n\t\t\t\t<div class=\"elementor-element elementor-element-396c4d7 elementor-widget elementor-widget-txwpc-image-box\" data-id=\"396c4d7\" data-element_type=\"widget\" data-widget_type=\"txwpc-image-box.default\">\n\t\t\t\t<div class=\"elementor-widget-container\">\n\t\t\t\t\t\r\n        <div class=\"icon__box-item box_image  custom_badge\">\r\n            <div class=\"icon__box-image\">\r\n                <img decoding=\"async\" src=\"https:\/\/cablesdelgolfo.com\/wp-content\/uploads\/2025\/12\/DSC03608-scaled.jpg\" alt=\"No alt text\" \/>            <\/div>\r\n                        <div class=\"icon__box-item-content\">\r\n                                <div class=\"title\">\r\n                                            <span>\r\n                                                    <div class=\"icon__box-item-icon\">\r\n                                <i aria-hidden=\"true\" class=\"flaticon flaticon-up-arrow\"><\/i>                            <\/div>\r\n                                                <\/span>\r\n                                                                <h5 class=\"box-title\">\r\n                                                            <a href=\"https:\/\/cablesdelgolfo.com\/index.php\/service\/ensayos-no-destructivos\/\">\r\n                                    Ensayos No Destructivos                                <\/a>\r\n                                                    <\/h5>\r\n                                                                <p>Inspeccionamos sin da\u00f1ar, detectando fallas invisibles para proteger a tu equipo y operaci\u00f3n.<\/p>\r\n                                    <\/div>\r\n                                <div>\r\n                    <a class=\"flexitype-button right\" href=\"https:\/\/cablesdelgolfo.com\/index.php\/service\/ensayos-no-destructivos\/\">\r\n                        Ver M\u00e1s                        <i class=\"flaticon flaticon-right-up\"><\/i>                    <\/a>\r\n                <\/div>\r\n                            <\/div>\r\n        <\/div>\r\n\r\n        \t\t\t\t<\/div>\n\t\t\t\t<\/div>\n\t\t\t\t<div class=\"elementor-element elementor-element-4397279 elementor-widget elementor-widget-txwpc-image-box\" data-id=\"4397279\" data-element_type=\"widget\" data-widget_type=\"txwpc-image-box.default\">\n\t\t\t\t<div class=\"elementor-widget-container\">\n\t\t\t\t\t\r\n        <div class=\"icon__box-item box_image  custom_badge\">\r\n            <div class=\"icon__box-image\">\r\n                <img decoding=\"async\" src=\"https:\/\/cablesdelgolfo.com\/wp-content\/uploads\/2025\/12\/DSC02893-scaled.jpg\" alt=\"No alt text\" \/>            <\/div>\r\n                        <div class=\"icon__box-item-content\">\r\n                                <div class=\"title\">\r\n                                            <span>\r\n                                                    <div class=\"icon__box-item-icon\">\r\n                                <i aria-hidden=\"true\" class=\"flaticon flaticon-up-arrow\"><\/i>                            <\/div>\r\n                                                <\/span>\r\n                                                                <h5 class=\"box-title\">\r\n                                                            <a href=\"https:\/\/cablesdelgolfo.com\/index.php\/service\/pruebas-de-integridad\/\">\r\n                                    Pruebas de Integridad                                <\/a>\r\n                                                    <\/h5>\r\n                                                                <p>Verificamos la resistencia, hermeticidad y capacidad real de tus equipos bajo carga o presi\u00f3n.<\/p>\r\n                                    <\/div>\r\n                                <div>\r\n                    <a class=\"flexitype-button right\" href=\"https:\/\/cablesdelgolfo.com\/index.php\/service\/pruebas-de-integridad\/\">\r\n                        Ver M\u00e1s                        <i class=\"flaticon flaticon-right-up\"><\/i>                    <\/a>\r\n                <\/div>\r\n                            <\/div>\r\n        <\/div>\r\n\r\n        \t\t\t\t<\/div>\n\t\t\t\t<\/div>\n\t\t\t\t<div class=\"elementor-element elementor-element-71089e1 elementor-widget elementor-widget-txwpc-image-box\" data-id=\"71089e1\" data-element_type=\"widget\" data-widget_type=\"txwpc-image-box.default\">\n\t\t\t\t<div class=\"elementor-widget-container\">\n\t\t\t\t\t\r\n        <div class=\"icon__box-item box_image  custom_badge\">\r\n            <div class=\"icon__box-image\">\r\n                <img decoding=\"async\" src=\"https:\/\/cablesdelgolfo.com\/wp-content\/uploads\/2025\/12\/Diseno-sin-titulo-4.png\" alt=\"No alt text\" \/>            <\/div>\r\n                        <div class=\"icon__box-item-content\">\r\n                                <div class=\"title\">\r\n                                            <span>\r\n                                                    <div class=\"icon__box-item-icon\">\r\n                                <i aria-hidden=\"true\" class=\"flaticon flaticon-up-arrow\"><\/i>                            <\/div>\r\n                                                <\/span>\r\n                                                                <h5 class=\"box-title\">\r\n                                                            <a href=\"https:\/\/cablesdelgolfo.com\/index.php\/service\/inspecciones-periodicas\/\">\r\n                                    Inspecciones Peri\u00f3dicas                                <\/a>\r\n                                                    <\/h5>\r\n                                                                <p>Evaluamos visualmente y con pruebas t\u00e9cnicas si tus equipos siguen siendo seguros para operar.<\/p>\r\n                                    <\/div>\r\n                                <div>\r\n                    <a class=\"flexitype-button right\" href=\"https:\/\/cablesdelgolfo.com\/index.php\/service\/inspecciones-periodicas\/\">\r\n                        Ver M\u00e1s                        <i class=\"flaticon flaticon-right-up\"><\/i>                    <\/a>\r\n                <\/div>\r\n                            <\/div>\r\n        <\/div>\r\n\r\n        \t\t\t\t<\/div>\n\t\t\t\t<\/div>\n\t\t\t\t<div class=\"elementor-element elementor-element-c4c2ce1 elementor-widget elementor-widget-txwpc-image-box\" data-id=\"c4c2ce1\" data-element_type=\"widget\" data-widget_type=\"txwpc-image-box.default\">\n\t\t\t\t<div class=\"elementor-widget-container\">\n\t\t\t\t\t\r\n        <div class=\"icon__box-item box_image  custom_badge\">\r\n            <div class=\"icon__box-image\">\r\n                <img decoding=\"async\" src=\"https:\/\/cablesdelgolfo.com\/wp-content\/uploads\/2025\/12\/DSC03227-scaled.jpg\" alt=\"No alt text\" \/>            <\/div>\r\n                        <div class=\"icon__box-item-content\">\r\n                                <div class=\"title\">\r\n                                            <span>\r\n                                                    <div class=\"icon__box-item-icon\">\r\n                                <i aria-hidden=\"true\" class=\"flaticon flaticon-up-arrow\"><\/i>                            <\/div>\r\n                                                <\/span>\r\n                                                                <h5 class=\"box-title\">\r\n                                                            <a href=\"https:\/\/cablesdelgolfo.com\/index.php\/service\/inspeccion-de-equipo-de-izaje\/\">\r\n                                    Inspecci\u00f3n de equipos de izaje                                <\/a>\r\n                                                    <\/h5>\r\n                                                                <p>Revisamos eslingas, ganchos y grilletes para asegurar que cumplen con normas de seguridad.<\/p>\r\n                                    <\/div>\r\n                                <div>\r\n                    <a class=\"flexitype-button right\" href=\"https:\/\/cablesdelgolfo.com\/index.php\/service\/inspecciones\/\">\r\n                        Ver M\u00e1s                        <i class=\"flaticon flaticon-right-up\"><\/i>                    <\/a>\r\n                <\/div>\r\n                            <\/div>\r\n        <\/div>\r\n\r\n        \t\t\t\t<\/div>\n\t\t\t\t<\/div>\n\t\t\t\t\t<\/div>\n\t\t\t\t<\/div>\n\t\t\t\t<\/div>\n\t\t","protected":false},"excerpt":{"rendered":"<p>Ensayos No Destructivos Inspeccionamos sin da\u00f1ar, detectando fallas invisibles para proteger a tu equipo y operaci\u00f3n. Ver M\u00e1s Pruebas de Integridad Verificamos la resistencia, hermeticidad y capacidad real de tus equipos bajo carga o presi\u00f3n. Ver M\u00e1s Inspecciones Peri\u00f3dicas Evaluamos visualmente y con pruebas t\u00e9cnicas si tus equipos siguen siendo seguros para operar. Ver M\u00e1s [&hellip;]<\/p>\n","protected":false},"author":1,"featured_media":0,"parent":0,"menu_order":0,"comment_status":"closed","ping_status":"closed","template":"page-builder.php","meta":{"_eb_attr":"","footnotes":""},"class_list":["post-88","page","type-page","status-publish","hentry"],"_links":{"self":[{"href":"https:\/\/cablesdelgolfo.com\/index.php\/wp-json\/wp\/v2\/pages\/88","targetHints":{"allow":["GET"]}}],"collection":[{"href":"https:\/\/cablesdelgolfo.com\/index.php\/wp-json\/wp\/v2\/pages"}],"about":[{"href":"https:\/\/cablesdelgolfo.com\/index.php\/wp-json\/wp\/v2\/types\/page"}],"author":[{"embeddable":true,"href":"https:\/\/cablesdelgolfo.com\/index.php\/wp-json\/wp\/v2\/users\/1"}],"replies":[{"embeddable":true,"href":"https:\/\/cablesdelgolfo.com\/index.php\/wp-json\/wp\/v2\/comments?post=88"}],"version-history":[{"count":23,"href":"https:\/\/cablesdelgolfo.com\/index.php\/wp-json\/wp\/v2\/pages\/88\/revisions"}],"predecessor-version":[{"id":4447,"href":"https:\/\/cablesdelgolfo.com\/index.php\/wp-json\/wp\/v2\/pages\/88\/revisions\/4447"}],"wp:attachment":[{"href":"https:\/\/cablesdelgolfo.com\/index.php\/wp-json\/wp\/v2\/media?parent=88"}],"curies":[{"name":"wp","href":"https:\/\/api.w.org\/{rel}","templated":true}]}}